{"id":592,"date":"2015-06-16T17:05:46","date_gmt":"2015-06-16T15:05:46","guid":{"rendered":"http:\/\/www.devries.fr\/colofon\/"},"modified":"2026-02-14T18:17:21","modified_gmt":"2026-02-14T17:17:21","slug":"colofon","status":"publish","type":"page","link":"https:\/\/devries.fr\/nl\/colofon\/","title":{"rendered":"{ Colofon"},"content":{"rendered":"\n<h4 class=\"wp-block-heading\">Innerlijk<\/h4>\n\n\n\n<p class=\"has-drop-cap\"><strong>Technologie<\/strong><\/p>\n\n\n\n<p>Dagelijks zwoegen duizenden bits en bytes achter de schermen om deze site voor u leesbaar, snel en veilig te houden. Het technologische fundament wordt gevormd door het contentmanagementsysteem WordPress, aangevuld met zorgvuldig geselecteerde plugins voor veiligheid, performance en publicatiebeheer.<\/p>\n\n\n\n<p>De site wordt geschreven en beheerd via MarsEdit op een 13-inch MacBook Pro. Als early innovator werk ik al sinds 1984 vrijwel onafgebroken op Apple-machines. Dat schrijven gebeurt zelden op \u00e9\u00e9n plek: in Amsterdam, Brussel, Parijs, in treinen, op perrons, in rumoerige caf\u00e9s en elders in Europa \u2014 waar journalistiek zich aandient.<\/p>\n\n\n\n<p class=\"has-drop-cap\">Hosting en infrastructuur zijn ondergebracht binnen Europa, met nadruk op privacy, databescherming en digitale soevereiniteit.<\/p>\n\n\n\n<h4 class=\"wp-block-heading\">Uiterlijk<\/h4>\n\n\n<div class=\"wp-block-image\">\n<figure class=\"alignright\"><img fetchpriority=\"high\" decoding=\"async\" width=\"300\" height=\"291\" src=\"http:\/\/devries.fr\/wp-content\/uploads\/2015\/06\/makeup-300x291.jpg\" alt=\"\" class=\"wp-image-15168\" srcset=\"https:\/\/devries.fr\/wp-content\/uploads\/2015\/06\/makeup-300x291.jpg 300w, https:\/\/devries.fr\/wp-content\/uploads\/2015\/06\/makeup-200x194.jpg 200w, https:\/\/devries.fr\/wp-content\/uploads\/2015\/06\/makeup-400x389.jpg 400w, https:\/\/devries.fr\/wp-content\/uploads\/2015\/06\/makeup.jpg 767w\" sizes=\"(max-width: 300px) 100vw, 300px\" \/><\/figure>\n<\/div>\n\n\n<p>Het lettertype voor de koppen op deze site (Anivers) is ontworpen door <a title=\"Ex Ljbris\" href=\"http:\/\/www.josbuivenga.demon.nl\/\">Jos Buivenga<\/a> en komt pijnloos tot u via de handige cloudapplicatie <a href=\"http:\/\/www.typekit.com\">Typekit<\/a>.<\/p>\n\n\n\n<p>De strakke pakken en hemden waarin ik op de buis verschijn, worden mij sinds 1998 aangemeten door <a title=\"New Tailor\" href=\"http:\/\/www.newtailor.nl\">New Tailor<\/a> (Utrecht). Soms vergezeld van hemden van\u00a0<a title=\"Charvet\" href=\"http:\/\/www.charvet.com\/\">Charvet<\/a> in Parijs. Accessoires als dassen en manchetknopen komen meestal van <a title=\"Le Bon March\u00e9\" href=\"http:\/\/www.lebonmarche.fr\/\">Le Bon March\u00e9<\/a>, het enige warenhuis in Parijs waar je zelden struikelt over de toeristen.<br><\/p>\n\n\n\n<h4 class=\"wp-block-heading\">Foto&#8217;s<\/h4>\n\n\n\n<p>De meeste foto&#8217;s op deze site worden geschoten met een digitale <a title=\"Nikon\" href=\"https:\/\/www.nikon.nl\/nl_NL\/product\/digital-cameras\/mirrorless\/enthusiast\/z-6\">Nikon Z6<\/a>\u00a0en heel soms\u00a0met een twintig jaar oude <a title=\"Nikon F5\" href=\"http:\/\/nikonimaging.com\/global\/products\/filmcamera\/slr\/1995-1999\/f5\/\">Nikon F5<\/a>. De foto&#8217;s worden bewerkt met <a title=\"Lightroom\" href=\"http:\/\/www.adobe.com\/products\/lightroom\/\">Adobe Lightroom CC<\/a>. Als er geen zelfgemaakte foto&#8217;s voorhanden zijn dan ziet u hier foto&#8217;s met een <a title=\"Creative Commons\" href=\"http:\/\/creativecommons.org\/\">Creative Commons<\/a>\u00a0licentie afkomstig van\u00a0<a title=\"Foter\" href=\"http:\/\/www.unsplash.com\">Unsplash<\/a>.\u00a0Foto&#8217;s voor (reis)reportages worden gemaakt door fotograaf <a title=\"Gabriela\" href=\"http:\/\/www.gabsphotography.nl\/\">Gabriela Hengeveld<\/a>. AI-gegenereerde beelden worden niet gebruikt voor journalistieke beeldproducties. Indien dat in de toekomst verandert, zal dit expliciet worden vermeld.<\/p>\n\n\n\n<h4 class=\"wp-block-heading\">Radio<\/h4>\n\n\n\n<p>Voor radio en podcasts gebruik ik&nbsp;een smartcardrecorder <a title=\"Zomm H4N\" href=\"https:\/\/www.zoom.co.jp\/products\/field-video-recording\/field-recording\/h6-handy-recorder\">Zoom H6N<\/a>, of de <a href=\"https:\/\/www.rode.com\/rodecasterpro\">R\u00f8de Rodecaster Pro<\/a> die eventueel als virtuele studio gebruikt kan worden met Sennheiser microfoons. Voor live-uitzendingen met studiokwaliteit op lokatie beschik ik over&nbsp;<a title=\"Luci\" href=\"http:\/\/www.luci.eu\/?page_id=15\">Luci Live&nbsp;<\/a><span style=\"color: #0000ee;\"><span style=\"text-decoration: underline;\">software<\/span><\/span>&nbsp;op iPad en iPhone. Spreekcel met <a href=\"http:\/\/dbxpro.com\/en-US\/products\/286s\">DBX286S<\/a>&nbsp;compressor, cardio\u00efde microfoons zoals de legendarische Shure SM7 (voor de kenners: dezelfde als waar Michael Jackson het album <em><a href=\"https:\/\/www.youtube.com\/watch?v=sOnqjkJTMaA\">Thriller<\/a><\/em> mee opnam).<\/p>\n\n\n\n<h4 class=\"wp-block-heading\">Televisie<\/h4>\n\n\n\n<p>Opnames in alle gangbare formaten (8K\/4K\/Ultra HD, HD 422). Digitaal monteren en kleurcorrectie in alle gangbare formaten in <a title=\"Final Cut Pro\" href=\"http:\/\/www.apple.com\/nl\/finalcutpro\/\">Final Cut Pro<\/a>\u00a0of <a title=\"DaVinci Resolve\" href=\"http:\/\/blackmagic-design.com\/products\/davinciresolve\/\">DaVinci Resolve<\/a>. Transmissie via <em>feed points<\/em>\u00a0(EBU e.a.) of op locatie via old school SNG&#8217;s, of per FTP via glasvezel. Live videoverbindingen in uitzendkwaliteit over IP waar dan ook via wifi\/4G\/5G met <a title=\"Livestream\" href=\"http:\/\/new.livestream.com\/broadcaster\">Livestream Broadcaster<\/a>, <a href=\"https:\/\/www.liveu.tv\/products\/software\/lu-smart\">LU-Smart<\/a>, <a href=\"https:\/\/www.aviwest.com\/products\/mojopro-series\/\">MojoPro<\/a> (AviWest), <a href=\"https:\/\/www.dejero.com\">Dejero<\/a> of TVU.<br>Deze mobiele infrastructuur maakt uitzendingen mogelijk vanuit vrijwel elke locatie in Europa.<\/p>\n\n\n\n<h4 class=\"wp-block-heading\">Copyright<\/h4>\n\n\n<div class=\"wp-block-image\">\n<figure class=\"alignleft\"><a href=\"http:\/\/creativecommons.org\/licenses\/by-nc-sa\/2.0\/fr\/\" rel=\"license\"><img decoding=\"async\" src=\"https:\/\/devries.fr\/wp-content\/uploads\/2012\/05\/88x31212-1.png\" alt=\"Creative Commons License\"\/><\/a><\/figure>\n<\/div>\n\n\n<p>Alle artikelen zijn \u00a9 Stefan de Vries. Op deze site is een <a href=\"https:\/\/creativecommons.org\/licenses\/by-nc-nd\/4.0\/deed.nl\">Creative Commons licentie 4.0<\/a> van toepassing. Dat betekent dat u de bijdragen op deze site alleen voor niet-commerci\u00eble doeleinden mag verspreiden en altijd met bronvermelding.<br><br>This work is licensed under a <\/p>\n\n\n\n<p>Voor zover de genoemde software geen open source is, zijn alle licenties legaal en <em>up to date<\/em>. Dus&nbsp;<a title=\"BSA\" href=\"http:\/\/www.bsa.org\/country.aspx?sc_lang=nl-NL\">bureau BSA<\/a>: soyez le bienvenue!<\/p>\n\n\n\n<h4 class=\"wp-block-heading\" id=\"bijsluiter\">Journalistieke bijsluiter<\/h4>\n\n\n\n<p class=\"has-drop-cap\">U vindt op deze site niet alleen nieuws en achtergronden, maar soms ook meningen. Er zullen lezers zijn die vinden dat journalisten&nbsp;hun&nbsp;mening voor zich moeten houden, omdat zij&nbsp;anders niet \u2018objectief\u2019 zouden&nbsp;zijn. Dat begrijp ik, maar ik zie dat iets anders. Journalisten zijn, in tegenstelling tot wat kwade tongen soms beweren, ook mensen. Zij zijn dus, net als u, het product van hun milieu, opvoeding, opleiding en levenservaring. Iedere vraag, ieder artikel, iedere reportage, hoe klein ook, begint met het maken van een subjectieve keuze. \u2018Objectieve journalistiek\u2019 in absolute zin bestaat derhalve niet (maar dat is slechts mijn mening). Maar transparantie, zorgvuldigheid en onafhankelijkheid zijn wel essentieel om betrouwbare journalistiek te bedrijven.&nbsp;Ik hecht grote waarde aan onafhankelijkheid, en dat betekent: geen verborgen agenda\u2019s, geen commerci\u00eble belangen, geen politieke invloed. Naast mijn journalistieke producties publiceer ik zo nu en dan opinie-artikelen. Ik zal overigens nooit berichten over producten of organisaties die mij betalen, noch vice versa.&nbsp;Met deze&nbsp;bijsluiter probeer ik&nbsp;u een idee te geven welk&nbsp;vlees u in de kuip heeft. U bepaalt zelf hoe u mijn werk weegt en interpreteert. Ik hoop dat mijn journalistiek bijdraagt aan een goed ge\u00efnformeerd debat.<\/p>\n\n\n\n<p>In het kader van de transparantie: In 2025 verrichtte ik betaalde werkzaamheden voor <a href=\"http:\/\/www.arte.fr\">Arte<\/a>*, <a href=\"http:\/\/www.bfmtv.com\">BFMTV<\/a>, <a href=\"http:\/\/www.bnr.nl\">BNR Nieuwsradio<\/a>, Denk Producties, <a href=\"https:\/\/www.haagschcollege.nl\">Haagsch College<\/a>,\u00a0<a href=\"http:\/\/www.monocle.com\" data-type=\"link\" data-id=\"http:\/\/www.monocle.com\">Monocle<\/a>, Le Parisien, <a href=\"https:\/\/over.npo.nl\">NPO Radio en Televisie<\/a>* (verschillende omroepen), NVJ, Rabobank, Rosewood, VRT* en <a href=\"http:\/\/www.rtl.nl\">Vrij Nederland<\/a>. Daarnaast was ik van 2017-2022 bezoldigd als media-docent aan het <a href=\"https:\/\/www.iris-france.org\">IRIS Instituut<\/a> in Parijs. Ik ben lid van de professionele organisaties <a href=\"http:\/\/www.europresse.eu\" data-type=\"URL\" data-id=\"http:\/\/www.europresse.eu\">Europresse<\/a>, <a href=\"http:\/\/www.nvj.nl\">NVJ<\/a> en <a href=\"https:\/\/www.transparency.nl\">Transparency International.<\/a> Daarnaast ben ik onbezoldigd jurylid van de <a href=\"http:\/\/livre-europeen.eu\">Europese Boekenprijs<\/a>, mede-oprichter van de <a href=\"https:\/\/www.lemondedudroit.fr\/institutions\/79370-acces-aux-documents-publics-un-collectif-de-journalistes-cree-l-association-des-journalistes-pour-la-transparence-ajt.html\">AJT<\/a> (<em>Association des journalistes pour l\u2019acc\u00e8s aux documents administratifs)<\/em> en initiatiefnemer van de Bi\u00ebnnale van de Europese idee\u00ebn.<\/p>\n\n\n\n<p>* <em>Deze organisaties worden (deels) gefinancierd door de overheid in hun respectievelijke vestigingslanden. Een deel van de uitgebreide Europaverslaggeving van <\/em><em><a href=\"https:\/\/www.bnr.nl\/europa\">BNR<\/a> <\/em><em>ontving in 2025 een bijdrage van het Europees Parlement, zonder enige inhoudelijke tegenprestatie. De andere organisaties ontvangen bij mijn weten geen overheidssubsidies.<\/em><\/p>\n","protected":false},"excerpt":{"rendered":"Innerlijk Technologie Dagelijks zwoegen duizenden bits en bytes achter de schermen om deze site voor u leesbaar, snel&hellip;\n","protected":false},"author":1,"featured_media":14219,"parent":0,"menu_order":0,"comment_status":"closed","ping_status":"open","template":"","meta":{"_acf_changed":false,"footnotes":""},"class_list":{"0":"post-592","1":"page","2":"type-page","3":"status-publish","4":"has-post-thumbnail","6":"cs-entry","7":"cs-video-wrap"},"acf":[],"_links":{"self":[{"href":"https:\/\/devries.fr\/nl\/wp-json\/wp\/v2\/pages\/592","targetHints":{"allow":["GET"]}}],"collection":[{"href":"https:\/\/devries.fr\/nl\/wp-json\/wp\/v2\/pages"}],"about":[{"href":"https:\/\/devries.fr\/nl\/wp-json\/wp\/v2\/types\/page"}],"author":[{"embeddable":true,"href":"https:\/\/devries.fr\/nl\/wp-json\/wp\/v2\/users\/1"}],"replies":[{"embeddable":true,"href":"https:\/\/devries.fr\/nl\/wp-json\/wp\/v2\/comments?post=592"}],"version-history":[{"count":11,"href":"https:\/\/devries.fr\/nl\/wp-json\/wp\/v2\/pages\/592\/revisions"}],"predecessor-version":[{"id":18256,"href":"https:\/\/devries.fr\/nl\/wp-json\/wp\/v2\/pages\/592\/revisions\/18256"}],"wp:featuredmedia":[{"embeddable":true,"href":"https:\/\/devries.fr\/nl\/wp-json\/wp\/v2\/media\/14219"}],"wp:attachment":[{"href":"https:\/\/devries.fr\/nl\/wp-json\/wp\/v2\/media?parent=592"}],"curies":[{"name":"wp","href":"https:\/\/api.w.org\/{rel}","templated":true}]}}