{"id":3762,"date":"2011-12-02T19:05:32","date_gmt":"2011-12-02T18:05:32","guid":{"rendered":"http:\/\/www.devries.fr\/?page_id=3762"},"modified":"2024-12-08T09:08:15","modified_gmt":"2024-12-08T08:08:15","slug":"livres","status":"publish","type":"page","link":"https:\/\/devries.fr\/fr\/livres\/","title":{"rendered":"{ Livres"},"content":{"rendered":"<p>Depuis 1999, Stefan de Vries a contribu\u00e9 \u00e0 et \u00e9crit un certain nombre de livres, dont :<\/p>\n<p><a href=\"https:\/\/devries.fr\/nl\/boeken\/kledingvoorschriften\/\"><img decoding=\"async\" class=\"alignnone size-thumbnail wp-image-2453\" title=\"9789080888043\" src=\"http:\/\/devries.fr\/wp-content\/uploads\/2010\/08\/97890808880432-1-150x150.jpg\" alt=\"Het Blauwe Boekje Kledingvoorschriften\" width=\"150\" height=\"150\" srcset=\"https:\/\/devries.fr\/wp-content\/uploads\/2010\/08\/97890808880432-1-150x150.jpg 150w, https:\/\/devries.fr\/wp-content\/uploads\/2010\/08\/97890808880432-1-200x200.jpg 200w, https:\/\/devries.fr\/wp-content\/uploads\/2010\/08\/97890808880432-1-300x300.jpg 300w\" sizes=\"(max-width: 150px) 100vw, 150px\" \/><img decoding=\"async\" class=\"alignnone size-thumbnail wp-image-741\" title=\"francylopedie-3d\" src=\"http:\/\/devries.fr\/wp-content\/uploads\/2009\/03\/francylopedie-3d2-1-150x150.jpg\" alt=\"\" width=\"150\" height=\"150\" \/><\/a><a href=\"https:\/\/devries.fr\/nl\/boeken\/het-blauwe-boekje\/\"><img decoding=\"async\" class=\"alignnone size-thumbnail wp-image-2449\" title=\"HBB\" src=\"http:\/\/devries.fr\/wp-content\/uploads\/2010\/08\/Blauwe-boekjeWT22-1-150x150.jpg\" alt=\"Het Blauwe Boekje\" width=\"150\" height=\"150\" srcset=\"https:\/\/devries.fr\/wp-content\/uploads\/2010\/08\/Blauwe-boekjeWT22-1-150x150.jpg 150w, https:\/\/devries.fr\/wp-content\/uploads\/2010\/08\/Blauwe-boekjeWT22-1-200x200.jpg 200w, https:\/\/devries.fr\/wp-content\/uploads\/2010\/08\/Blauwe-boekjeWT22-1-300x300.jpg 300w\" sizes=\"(max-width: 150px) 100vw, 150px\" \/><\/a><a href=\"https:\/\/devries.fr\/nl\/boeken\/babyboomers\/\"><img loading=\"lazy\" decoding=\"async\" class=\"alignnone size-thumbnail wp-image-2950\" title=\"babyboomers\" src=\"http:\/\/devries.fr\/wp-content\/uploads\/2008\/03\/babyboomers2-1-150x150.jpg\" alt=\"\" width=\"150\" height=\"150\" srcset=\"https:\/\/devries.fr\/wp-content\/uploads\/2008\/03\/babyboomers2-1-150x150.jpg 150w, https:\/\/devries.fr\/wp-content\/uploads\/2008\/03\/babyboomers2-1-200x200.jpg 200w\" sizes=\"(max-width: 150px) 100vw, 150px\" \/><\/a><a href=\"https:\/\/devries.fr\/nl\/boeken\/zolen\/\"><img loading=\"lazy\" decoding=\"async\" class=\"size-thumbnail wp-image-3336 alignnone\" title=\"Zolen-voorkant-small\" src=\"http:\/\/devries.fr\/wp-content\/uploads\/2008\/03\/Zolen-voorkant-small2-1-150x150.jpg\" alt=\"\" width=\"150\" height=\"150\" srcset=\"https:\/\/devries.fr\/wp-content\/uploads\/2008\/03\/Zolen-voorkant-small2-1-150x150.jpg 150w, https:\/\/devries.fr\/wp-content\/uploads\/2008\/03\/Zolen-voorkant-small2-1-200x200.jpg 200w, https:\/\/devries.fr\/wp-content\/uploads\/2008\/03\/Zolen-voorkant-small2-1-300x300.jpg 300w\" sizes=\"(max-width: 150px) 100vw, 150px\" \/><\/a><\/p>\n<p>&nbsp;<\/p>\n<p>&nbsp;<\/p>\n<p>&nbsp;<\/p>\n","protected":false},"excerpt":{"rendered":"Depuis 1999, Stefan de Vries a contribu\u00e9 \u00e0 et \u00e9crit un certain nombre de livres, dont : &nbsp;&hellip;\n","protected":false},"author":2,"featured_media":0,"parent":0,"menu_order":0,"comment_status":"closed","ping_status":"closed","template":"","meta":{"_acf_changed":false,"footnotes":""},"class_list":{"0":"post-3762","1":"page","2":"type-page","3":"status-publish","5":"cs-entry","6":"cs-video-wrap"},"acf":[],"_links":{"self":[{"href":"https:\/\/devries.fr\/fr\/wp-json\/wp\/v2\/pages\/3762","targetHints":{"allow":["GET"]}}],"collection":[{"href":"https:\/\/devries.fr\/fr\/wp-json\/wp\/v2\/pages"}],"about":[{"href":"https:\/\/devries.fr\/fr\/wp-json\/wp\/v2\/types\/page"}],"author":[{"embeddable":true,"href":"https:\/\/devries.fr\/fr\/wp-json\/wp\/v2\/users\/2"}],"replies":[{"embeddable":true,"href":"https:\/\/devries.fr\/fr\/wp-json\/wp\/v2\/comments?post=3762"}],"version-history":[{"count":1,"href":"https:\/\/devries.fr\/fr\/wp-json\/wp\/v2\/pages\/3762\/revisions"}],"predecessor-version":[{"id":17695,"href":"https:\/\/devries.fr\/fr\/wp-json\/wp\/v2\/pages\/3762\/revisions\/17695"}],"wp:attachment":[{"href":"https:\/\/devries.fr\/fr\/wp-json\/wp\/v2\/media?parent=3762"}],"curies":[{"name":"wp","href":"https:\/\/api.w.org\/{rel}","templated":true}]}}