{"id":14541,"date":"2015-05-08T15:59:07","date_gmt":"2015-05-08T13:59:07","guid":{"rendered":"http:\/\/devries.fr\/contact\/?lang=fr"},"modified":"2021-12-11T10:14:19","modified_gmt":"2021-12-11T09:14:19","slug":"contact","status":"publish","type":"page","link":"https:\/\/devries.fr\/fr\/contact\/","title":{"rendered":"Contact"},"content":{"rendered":"<p>Il y a plusieurs fa\u00e7ons de me joindre. Vous pourriez m&rsquo;envoyer un message dans une bouteille. C&rsquo;est un peu d\u00e9suet et sans doute tr\u00e8s romantique, mais pas tr\u00e8s rapide ni tr\u00e8s pratique. Peut-\u00eatre vous, vous habitez au bord de la mer, mais pas moi, h\u00e9las. La mani\u00e8re la plus rapide est de remplir le formulaire ci-dessous. Je vous r\u00e9pondrai alors dans les plus brefs d\u00e9lais et le plus personnellement possible.<br \/>\nMerci !<\/p>\n\n<div class=\"wpcf7 no-js\" id=\"wpcf7-f17245-o1\" lang=\"en-US\" dir=\"ltr\" data-wpcf7-id=\"17245\">\n<div class=\"screen-reader-response\"><p role=\"status\" aria-live=\"polite\" aria-atomic=\"true\"><\/p> <ul><\/ul><\/div>\n<form action=\"\/fr\/wp-json\/wp\/v2\/pages\/14541#wpcf7-f17245-o1\" method=\"post\" class=\"wpcf7-form init\" aria-label=\"Contact form\" novalidate=\"novalidate\" data-status=\"init\">\n<fieldset class=\"hidden-fields-container\"><input type=\"hidden\" name=\"_wpcf7\" value=\"17245\" \/><input type=\"hidden\" name=\"_wpcf7_version\" value=\"6.1.5\" \/><input type=\"hidden\" name=\"_wpcf7_locale\" value=\"en_US\" \/><input type=\"hidden\" name=\"_wpcf7_unit_tag\" value=\"wpcf7-f17245-o1\" \/><input type=\"hidden\" name=\"_wpcf7_container_post\" value=\"0\" \/><input type=\"hidden\" name=\"_wpcf7_posted_data_hash\" value=\"\" \/>\n<\/fieldset>\n<label> Votre nom et pr\u00e9nom\n    <span class=\"wpcf7-form-control-wrap\" data-name=\"your-name\"><input size=\"40\" maxlength=\"400\" class=\"wpcf7-form-control wpcf7-text wpcf7-validates-as-required\" aria-required=\"true\" aria-invalid=\"false\" value=\"\" type=\"text\" name=\"your-name\" \/><\/span> <\/label>\n\n<label> Votre email\n    <span class=\"wpcf7-form-control-wrap\" data-name=\"your-email\"><input size=\"40\" maxlength=\"400\" class=\"wpcf7-form-control wpcf7-email wpcf7-validates-as-required wpcf7-text wpcf7-validates-as-email\" aria-required=\"true\" aria-invalid=\"false\" value=\"\" type=\"email\" name=\"your-email\" \/><\/span> <\/label>\n\n<label> Objet\n    <span class=\"wpcf7-form-control-wrap\" data-name=\"your-subject\"><input size=\"40\" maxlength=\"400\" class=\"wpcf7-form-control wpcf7-text wpcf7-validates-as-required\" aria-required=\"true\" aria-invalid=\"false\" value=\"\" type=\"text\" name=\"your-subject\" \/><\/span> <\/label>\n\n<label> Votre message\n    <span class=\"wpcf7-form-control-wrap\" data-name=\"your-message\"><textarea cols=\"40\" rows=\"10\" maxlength=\"2000\" class=\"wpcf7-form-control wpcf7-textarea\" aria-invalid=\"false\" name=\"your-message\"><\/textarea><\/span> <\/label>\n\n<input class=\"wpcf7-form-control wpcf7-submit has-spinner\" type=\"submit\" value=\"Envoyez\" \/><p style=\"display: none !important;\" class=\"akismet-fields-container\" data-prefix=\"_wpcf7_ak_\"><label>&#916;<textarea name=\"_wpcf7_ak_hp_textarea\" cols=\"45\" rows=\"8\" maxlength=\"100\"><\/textarea><\/label><input type=\"hidden\" id=\"ak_js_1\" name=\"_wpcf7_ak_js\" value=\"66\"\/><script>document.getElementById( \"ak_js_1\" ).setAttribute( \"value\", ( new Date() ).getTime() );<\/script><\/p><div class=\"wpcf7-response-output\" aria-hidden=\"true\"><\/div>\n<\/form>\n<\/div>\n\n","protected":false},"excerpt":{"rendered":"Il y a plusieurs fa\u00e7ons de me joindre. Vous pourriez m&rsquo;envoyer un message dans une bouteille. C&rsquo;est un&hellip;\n","protected":false},"author":1,"featured_media":14176,"parent":0,"menu_order":0,"comment_status":"closed","ping_status":"open","template":"","meta":{"_acf_changed":false,"footnotes":""},"class_list":{"0":"post-14541","1":"page","2":"type-page","3":"status-publish","4":"has-post-thumbnail","6":"cs-entry","7":"cs-video-wrap"},"acf":[],"_links":{"self":[{"href":"https:\/\/devries.fr\/fr\/wp-json\/wp\/v2\/pages\/14541","targetHints":{"allow":["GET"]}}],"collection":[{"href":"https:\/\/devries.fr\/fr\/wp-json\/wp\/v2\/pages"}],"about":[{"href":"https:\/\/devries.fr\/fr\/wp-json\/wp\/v2\/types\/page"}],"author":[{"embeddable":true,"href":"https:\/\/devries.fr\/fr\/wp-json\/wp\/v2\/users\/1"}],"replies":[{"embeddable":true,"href":"https:\/\/devries.fr\/fr\/wp-json\/wp\/v2\/comments?post=14541"}],"version-history":[{"count":1,"href":"https:\/\/devries.fr\/fr\/wp-json\/wp\/v2\/pages\/14541\/revisions"}],"predecessor-version":[{"id":17248,"href":"https:\/\/devries.fr\/fr\/wp-json\/wp\/v2\/pages\/14541\/revisions\/17248"}],"wp:featuredmedia":[{"embeddable":true,"href":"https:\/\/devries.fr\/fr\/wp-json\/wp\/v2\/media\/14176"}],"wp:attachment":[{"href":"https:\/\/devries.fr\/fr\/wp-json\/wp\/v2\/media?parent=14541"}],"curies":[{"name":"wp","href":"https:\/\/api.w.org\/{rel}","templated":true}]}}